{"id":3698,"date":"2024-04-22T14:30:41","date_gmt":"2024-04-22T12:30:41","guid":{"rendered":"https:\/\/katrin-sihling.com\/confirmacion\/"},"modified":"2026-01-21T13:10:00","modified_gmt":"2026-01-21T12:10:00","slug":"confirmacion","status":"publish","type":"page","link":"https:\/\/katrin-sihling.com\/es\/confirmacion\/","title":{"rendered":"Confirmaci\u00f3n bolet\u00edn"},"content":{"rendered":"<p><span><img decoding=\"async\" alt=\"\" data-id=\"3924\" width=\"335\" data-init-width=\"2603\" height=\"76\" data-init-height=\"590\" title=\"logo_es_weiss_kshiling_rgb\" src=\"https:\/\/katrin-sihling.com\/wp-content\/uploads\/2024\/07\/logo_es_weiss_kshiling_rgb.png\" data-width=\"335\" data-height=\"76\" style=\"aspect-ratio: auto 2603 \/ 590;\" loading=\"lazy\"><\/span><\/p>\n<h1 style=\"color: var(--tcb-color-8) !important; --tcb-applied-color: var$(--tcb-color-8) !important;\">\u00a1Casi listo!<\/h1>\n<h1 style=\"color: var(--tcb-color-8) !important; --tcb-applied-color: var$(--tcb-color-8) !important;\">Confirma tu direcci\u00f3n de correo electr\u00f3nico<\/h1>\n<h5 style=\"\">Tan solo 3 pasos m\u00e1s para recibir el bolet\u00edn.<\/h5>\n<h4>Paso 1<\/h4>\n<p>Abra la bandeja de entrada del e-mail con el que te registraste.<\/p>\n<h4>Paso 2<\/h4>\n<p>Abre mi mensaje. Revisa tambi\u00e9n tu carpeta de spam si no lo encuentras enseguida.<\/p>\n<h4>Paso 3<\/h4>\n<p>Pulsa el enlace de confirmaci\u00f3n del e-mail. Una vez hecho, ser\u00e1s redirigido autom\u00e1ticamente.<\/p>\n","protected":false},"excerpt":{"rendered":"<p>\u00a1Casi listo! Confirma tu direcci\u00f3n de correo electr\u00f3nico Tan solo 3 pasos m\u00e1s para recibir el bolet\u00edn. Paso 1 Abra la bandeja de entrada del e-mail con el que te registraste. Paso 2 Abre mi mensaje. Revisa tambi\u00e9n tu carpeta de spam si no lo encuentras enseguida. Paso 3 Pulsa el enlace de confirmaci\u00f3n del [&hellip;]<\/p>\n","protected":false},"author":5,"featured_media":0,"parent":0,"menu_order":14,"comment_status":"closed","ping_status":"closed","template":"","meta":{"_seopress_robots_primary_cat":"","_seopress_titles_title":"","_seopress_titles_desc":"","_seopress_robots_index":"yes","footnotes":"","tve_updated_post":"","tve_custom_css":"","tve_user_custom_css":"","tve_globals":{},"tcb2_ready":1,"tcb_editor_enabled":1,"tve_landing_page":"tcb2-shapeshift-blank-page","_tve_header":"42","_tve_footer":"2226"},"class_list":["post-3698","page","type-page","status-publish","hentry","post-wrapper","thrv_wrapper"],"_links":{"self":[{"href":"https:\/\/katrin-sihling.com\/es\/wp-json\/wp\/v2\/pages\/3698","targetHints":{"allow":["GET"]}}],"collection":[{"href":"https:\/\/katrin-sihling.com\/es\/wp-json\/wp\/v2\/pages"}],"about":[{"href":"https:\/\/katrin-sihling.com\/es\/wp-json\/wp\/v2\/types\/page"}],"author":[{"embeddable":true,"href":"https:\/\/katrin-sihling.com\/es\/wp-json\/wp\/v2\/users\/5"}],"replies":[{"embeddable":true,"href":"https:\/\/katrin-sihling.com\/es\/wp-json\/wp\/v2\/comments?post=3698"}],"version-history":[{"count":7,"href":"https:\/\/katrin-sihling.com\/es\/wp-json\/wp\/v2\/pages\/3698\/revisions"}],"predecessor-version":[{"id":6034,"href":"https:\/\/katrin-sihling.com\/es\/wp-json\/wp\/v2\/pages\/3698\/revisions\/6034"}],"wp:attachment":[{"href":"https:\/\/katrin-sihling.com\/es\/wp-json\/wp\/v2\/media?parent=3698"}],"curies":[{"name":"wp","href":"https:\/\/api.w.org\/{rel}","templated":true}]}}