{"id":3706,"date":"2024-04-26T16:36:55","date_gmt":"2024-04-26T14:36:55","guid":{"rendered":"https:\/\/katrin-sihling.com\/boletin\/"},"modified":"2026-01-21T12:51:18","modified_gmt":"2026-01-21T11:51:18","slug":"boletin","status":"publish","type":"page","link":"https:\/\/katrin-sihling.com\/es\/boletin\/","title":{"rendered":"Bolet\u00edn"},"content":{"rendered":"<p><span><img decoding=\"async\" alt=\"\" data-id=\"5758\" width=\"483\" data-init-width=\"1000\" height=\"483\" data-init-height=\"1000\" title=\"katrinsihling-foto-boletin-sentir-coenctar-crecer\" src=\"https:\/\/katrin-sihling.com\/wp-content\/uploads\/2025\/10\/katrinsihling-foto-boletin-sentir-coenctar-crecer.png\" data-width=\"483\" data-height=\"483\" style=\"aspect-ratio: auto 1000 \/ 1000;\" loading=\"lazy\"><\/span><\/p>\n<h2>sentir \u00b7 conectar \u00b7 crecer<\/h2>\n<h1 style=\"\">Un bolet\u00edn para quienes acompa\u00f1an a ni\u00f1as y ni\u00f1os que crecen entre culturas<\/h1>\n<p>Con mi bolet\u00edn acompa\u00f1o a personas adultos que est\u00e1n al lado de ni\u00f1as y ni\u00f1os que crecen entre culturas.<\/p>\n<p>Recibir\u00e1s impulsos c\u00e1lidos y conscientes sobre <strong><span style=\"--tcb-applied-color: var$(--tcb-color-16) !important; color: var(--tcb-color-16) !important;\">emociones, vida familiar y el crecer entre culturas<\/span><\/strong> \u2013 especialmente cuando todo se junta y aparece esa sensaci\u00f3n de <em>estar en medio de todo.<\/em><\/p>\n<p>Te invito a reflexionar y a tomarte un peque\u00f1o respiro, con pensamientos personales, ejercicios sencillos y una mirada intercultural.<\/p>\n<p>Todo <strong><span style=\"--tcb-applied-color: var$(--tcb-color-16) !important; color: var(--tcb-color-16) !important;\">sin presi\u00f3n<\/span><\/strong> y a tu propio ritmo.<\/p>\n<p>El bolet\u00edn es una invitaci\u00f3n a hacer una pausa, ordenar lo que est\u00e1 pasando y seguir adelante con m\u00e1s alegr\u00eda.<\/p>\n<p>Con calidez, honestidad y pensado para la vida diaria.<\/p>\n<h3><span data-token-index=\"0\">Si quieres recibir estas inspiraciones directamente en tu correo, puedes registrarte aqu\u00ed abajo.<\/span><\/h3>\n","protected":false},"excerpt":{"rendered":"<p>sentir \u00b7 conectar \u00b7 crecer Un bolet\u00edn para quienes acompa\u00f1an a ni\u00f1as y ni\u00f1os que crecen entre culturas Con mi bolet\u00edn acompa\u00f1o a personas adultos que est\u00e1n al lado de ni\u00f1as y ni\u00f1os que crecen entre culturas. Recibir\u00e1s impulsos c\u00e1lidos y conscientes sobre emociones, vida familiar y el crecer entre culturas \u2013 especialmente cuando todo [&hellip;]<\/p>\n","protected":false},"author":5,"featured_media":0,"parent":0,"menu_order":5,"comment_status":"closed","ping_status":"closed","template":"","meta":{"_seopress_robots_primary_cat":"","_seopress_titles_title":"Bolet\u00edn para quienes acompa\u00f1an a ni\u00f1as y ni\u00f1os que crecen entre culturas","_seopress_titles_desc":"Recibe impulsos c\u00e1lidos y cconscientes sobre emociones, vida familiar y el crecer entre culturas, para madres, padres y personas de referencia. Suscr\u00edbete al bolet\u00edn.","_seopress_robots_index":"","footnotes":"","tve_updated_post":"","tve_custom_css":"","tve_user_custom_css":"","tve_globals":{},"tcb2_ready":1,"tcb_editor_enabled":1,"tve_landing_page":"tcb2-shapeshift-blank-page","_tve_header":"651","_tve_footer":"2226"},"class_list":["post-3706","page","type-page","status-publish","hentry","post-wrapper","thrv_wrapper"],"_links":{"self":[{"href":"https:\/\/katrin-sihling.com\/es\/wp-json\/wp\/v2\/pages\/3706","targetHints":{"allow":["GET"]}}],"collection":[{"href":"https:\/\/katrin-sihling.com\/es\/wp-json\/wp\/v2\/pages"}],"about":[{"href":"https:\/\/katrin-sihling.com\/es\/wp-json\/wp\/v2\/types\/page"}],"author":[{"embeddable":true,"href":"https:\/\/katrin-sihling.com\/es\/wp-json\/wp\/v2\/users\/5"}],"replies":[{"embeddable":true,"href":"https:\/\/katrin-sihling.com\/es\/wp-json\/wp\/v2\/comments?post=3706"}],"version-history":[{"count":10,"href":"https:\/\/katrin-sihling.com\/es\/wp-json\/wp\/v2\/pages\/3706\/revisions"}],"predecessor-version":[{"id":6029,"href":"https:\/\/katrin-sihling.com\/es\/wp-json\/wp\/v2\/pages\/3706\/revisions\/6029"}],"wp:attachment":[{"href":"https:\/\/katrin-sihling.com\/es\/wp-json\/wp\/v2\/media?parent=3706"}],"curies":[{"name":"wp","href":"https:\/\/api.w.org\/{rel}","templated":true}]}}