{"id":3812,"date":"2023-10-07T20:16:49","date_gmt":"2023-10-07T18:16:49","guid":{"rendered":"https:\/\/katrin-sihling.com\/contacto\/"},"modified":"2026-01-21T18:37:02","modified_gmt":"2026-01-21T17:37:02","slug":"contacto","status":"publish","type":"page","link":"https:\/\/katrin-sihling.com\/es\/contacto\/","title":{"rendered":"Contacto"},"content":{"rendered":"<h3 style=\"text-align: center;\">CONTACTO<\/h3>\n<h1 style=\"text-align: center;\">As\u00ed te puedes poner en contacto conmigo:<\/h1>\n<p style=\"\"><span style=\"--tcb-applied-color: var$(--tcb-color-2) !important; color: var(--tcb-color-2) !important;\">Si tienes preguntas sobre mi acompa\u00f1amiento para ni\u00f1as y ni\u00f1os que crecen entre culturas <\/span><\/p>\n<p><span style=\"--tcb-applied-color: var$(--tcb-color-2) !important; color: var(--tcb-color-2) !important;\">y las personas adultas a su lado, puedes escribirme con confianza.<\/span><\/p>\n<p style=\"\"><span style=\"--tcb-applied-color: var$(--tcb-color-2) !important; color: var(--tcb-color-2) !important;\">Ya sea que solo quieras ordenar un poco lo que pasa o que tengas una pregunta concreta, <\/span><\/p>\n<p><span style=\"--tcb-applied-color: var$(--tcb-color-2) !important; color: var(--tcb-color-2) !important;\">te respondo personalmente.<\/span><\/p>\n<p style=\"text-align: center; color: var(--tcb-skin-color-0) !important; --tcb-applied-color: var$(--tcb-skin-color-0) !important;\">Por telefono:&nbsp;<\/p>\n<p style=\"text-align: center;\">+49 (0) 179 \/ 467 32 36<\/p>\n<p style=\"text-align: center;\"><a href=\"mailto:mail@katrin-sihling.com\" target=\"_blank\" style=\"outline: none;\">por E-Mail<\/a><\/p>\n<p style=\"color: var(--tcb-skin-color-0) !important; --tcb-applied-color: var$(--tcb-skin-color-0) !important; text-align: center;\">por mi <a href=\"https:\/\/www.instagram.com\/katrin.sihling_mex\/\" target=\"_blank\" style=\"outline: none;\">canal de instagram<\/a> en espa\u00f1ol<\/p>\n<p style=\"color: var(--tcb-skin-color-0) !important; --tcb-applied-color: var$(--tcb-skin-color-0) !important; text-align: center;\">por mi <a href=\"https:\/\/www.instagram.com\/katrin.sihling\/\" target=\"_blank\" style=\"outline: none;\">canal de instagram<\/a> en alem\u00e1n<\/p>\n<p style=\"text-align: center;\"><strong>O escr\u00edbeme a trav\u00e9s de este formulario:<\/strong><\/p>\n<h1 style=\"text-align: center; color: var(--tcb-color-12) !important; --tcb-applied-color: var$(--tcb-color-12) !important;\"><span data-token-index=\"0\">\u00bfTe gustar\u00eda seguir en contacto?<\/span><\/h1>\n<h3 style=\"text-align: center;\"><em><span style=\"--tcb-applied-color: var$(--tcb-color-7) !important; color: var(--tcb-color-7) !important;\">sentir \u00b7 conectar \u00b7 crecer<\/span><\/em><\/h3>\n<p style=\"text-align: center;\"><span style=\"--tcb-applied-color: var$(--tcb-color-7) !important; color: var(--tcb-color-7) !important;\">Mi bolet\u00edn con impulsos conscientes para acompa\u00f1ar la vida familiar entre culturas.<\/span>&nbsp;<\/p>\n<p><span><img decoding=\"async\" alt=\"\" data-id=\"4256\" width=\"300\" data-init-width=\"2603\" height=\"68\" data-init-height=\"590\" title=\"logo_es_slogan_sand_kshiling_rgb\" loading=\"lazy\" src=\"https:\/\/katrin-sihling.com\/wp-content\/uploads\/2024\/10\/logo_es_slogan_sand_kshiling_rgb.png\" data-width=\"300\" data-height=\"68\" style=\"aspect-ratio: auto 2603 \/ 590;\"><\/span><\/p>\n","protected":false},"excerpt":{"rendered":"<p>CONTACTO As\u00ed te puedes poner en contacto conmigo: Si tienes preguntas sobre mi acompa\u00f1amiento para ni\u00f1as y ni\u00f1os que crecen entre culturas y las personas adultas a su lado, puedes escribirme con confianza. Ya sea que solo quieras ordenar un poco lo que pasa o que tengas una pregunta concreta, te respondo personalmente. Por telefono:&nbsp; [&hellip;]<\/p>\n","protected":false},"author":5,"featured_media":0,"parent":0,"menu_order":6,"comment_status":"closed","ping_status":"closed","template":"","meta":{"_seopress_robots_primary_cat":"","_seopress_titles_title":"Contacto | Katrin Sihling \u2013 Asesora familiar intercultural","_seopress_titles_desc":"Escr\u00edbeme si tienes preguntas o buscas orientaci\u00f3n para la vida familiar entre culturas.","_seopress_robots_index":"","footnotes":""},"class_list":["post-3812","page","type-page","status-publish","hentry","post-wrapper","thrv_wrapper"],"_links":{"self":[{"href":"https:\/\/katrin-sihling.com\/es\/wp-json\/wp\/v2\/pages\/3812","targetHints":{"allow":["GET"]}}],"collection":[{"href":"https:\/\/katrin-sihling.com\/es\/wp-json\/wp\/v2\/pages"}],"about":[{"href":"https:\/\/katrin-sihling.com\/es\/wp-json\/wp\/v2\/types\/page"}],"author":[{"embeddable":true,"href":"https:\/\/katrin-sihling.com\/es\/wp-json\/wp\/v2\/users\/5"}],"replies":[{"embeddable":true,"href":"https:\/\/katrin-sihling.com\/es\/wp-json\/wp\/v2\/comments?post=3812"}],"version-history":[{"count":15,"href":"https:\/\/katrin-sihling.com\/es\/wp-json\/wp\/v2\/pages\/3812\/revisions"}],"predecessor-version":[{"id":6043,"href":"https:\/\/katrin-sihling.com\/es\/wp-json\/wp\/v2\/pages\/3812\/revisions\/6043"}],"wp:attachment":[{"href":"https:\/\/katrin-sihling.com\/es\/wp-json\/wp\/v2\/media?parent=3812"}],"curies":[{"name":"wp","href":"https:\/\/api.w.org\/{rel}","templated":true}]}}