{"id":6088,"date":"2026-01-23T18:10:19","date_gmt":"2026-01-23T17:10:19","guid":{"rendered":"https:\/\/katrin-sihling.com\/?page_id=6088"},"modified":"2026-01-29T10:29:24","modified_gmt":"2026-01-29T09:29:24","slug":"acompanamiento-intercultural-para-familias-katrin-sihling","status":"publish","type":"page","link":"https:\/\/katrin-sihling.com\/es\/","title":{"rendered":"Acompa\u00f1amiento intercultural para familias | Katrin Sihling"},"content":{"rendered":"<p>This has been autogenerated as a placeholder for homepage.<\/p>\n","protected":false},"excerpt":{"rendered":"<p>This has been autogenerated as a placeholder for homepage.<\/p>\n","protected":false},"author":5,"featured_media":0,"parent":0,"menu_order":1,"comment_status":"closed","ping_status":"closed","template":"","meta":{"_seopress_robots_primary_cat":"","_seopress_titles_title":"Acompa\u00f1amiento intercultural para familias | Katrin Sihling","_seopress_titles_desc":"Acompa\u00f1amiento c\u00e1lido para familias que viven entre culturas \u2014 un espacio para sentir, conectar y crecer. Para ni\u00f1as, ni\u00f1os y las personas adultas a su lado.","_seopress_robots_index":"","footnotes":""},"class_list":["post-6088","page","type-page","status-publish","hentry","post-wrapper","thrv_wrapper"],"_links":{"self":[{"href":"https:\/\/katrin-sihling.com\/es\/wp-json\/wp\/v2\/pages\/6088","targetHints":{"allow":["GET"]}}],"collection":[{"href":"https:\/\/katrin-sihling.com\/es\/wp-json\/wp\/v2\/pages"}],"about":[{"href":"https:\/\/katrin-sihling.com\/es\/wp-json\/wp\/v2\/types\/page"}],"author":[{"embeddable":true,"href":"https:\/\/katrin-sihling.com\/es\/wp-json\/wp\/v2\/users\/5"}],"replies":[{"embeddable":true,"href":"https:\/\/katrin-sihling.com\/es\/wp-json\/wp\/v2\/comments?post=6088"}],"version-history":[{"count":18,"href":"https:\/\/katrin-sihling.com\/es\/wp-json\/wp\/v2\/pages\/6088\/revisions"}],"predecessor-version":[{"id":6208,"href":"https:\/\/katrin-sihling.com\/es\/wp-json\/wp\/v2\/pages\/6088\/revisions\/6208"}],"wp:attachment":[{"href":"https:\/\/katrin-sihling.com\/es\/wp-json\/wp\/v2\/media?parent=6088"}],"curies":[{"name":"wp","href":"https:\/\/api.w.org\/{rel}","templated":true}]}}