{"id":6130,"date":"2026-01-28T11:08:46","date_gmt":"2026-01-28T10:08:46","guid":{"rendered":"https:\/\/katrin-sihling.com\/?page_id=6130"},"modified":"2026-02-10T21:58:47","modified_gmt":"2026-02-10T20:58:47","slug":"encuentra-tu-voz","status":"publish","type":"page","link":"https:\/\/katrin-sihling.com\/es\/encuentra-tu-voz\/","title":{"rendered":"Encuentra Tu Voz"},"content":{"rendered":"<p><span><img decoding=\"async\" alt=\"\" data-id=\"3685\" width=\"80\" data-init-width=\"1890\" height=\"80\" data-init-height=\"1890\" title=\"sublogo_KatrinSihling_purple\" src=\"https:\/\/katrin-sihling.com\/wp-content\/uploads\/2024\/07\/sublogo_button_purple_rgb_transparent.png\" data-width=\"80\" data-height=\"80\" style=\"aspect-ratio: auto 1890 \/ 1890;\" loading=\"lazy\"><\/span><\/p>\n<h1 style=\"\">Encuentra Tu Voz<\/h1>\n<p style=\"\"><strong><span>Acompa\u00f1amiento,&nbsp;<\/span><\/strong><\/p>\n<p style=\"\"><strong><span>conversaci\u00f3n <span>y<\/span><\/span><\/strong><\/p>\n<p style=\"\"><strong><span>orientaci\u00f3n intercultural<\/span><\/strong><\/p>\n<p style=\"\"><span><strong><span style=\"--tcb-applied-color: var$(--tcb-color-2) !important; color: var(--tcb-color-2) !important;\">Un espacio seguro en espa\u00f1ol&nbsp;<\/span><\/strong><span style=\"color: var(--tcb-color-2) !important;\"><span style=\"--tcb-applied-color: var$(--tcb-color-2) !important;\"><strong>para poder&nbsp;<\/strong><\/span><\/span><\/span><\/p>\n<p style=\"\"><span style=\"color: var(--tcb-color-2) !important;\"><span style=\"--tcb-applied-color: var$(--tcb-color-2) !important;\"><strong>expresarte en alem\u00e1n <\/strong><\/span><\/span><strong><span style=\"--tcb-applied-color: var$(--tcb-color-2) !important; color: var(--tcb-color-2) !important;\">con confianza.<\/span><\/strong><\/p>\n<h2 style=\"color: var(--tcb-color-2) !important; --tcb-applied-color: var$(--tcb-color-2) !important;\"><strong>\u00bfPara qui\u00e9n es&nbsp;<\/strong><strong>este espacio?<\/strong><\/h2>\n<p style=\"text-align: left;\">Para mujeres de habla hispana que viven en Alemania y que:<\/p>\n<ul>\n<li style=\"\"><!--! Font Awesome Free 6.7.1 by @fontawesome - https:\/\/fontawesome.com License - https:\/\/fontawesome.com\/license\/free (Icons: CC BY 4.0, Fonts: SIL OFL 1.1, Code: MIT License) Copyright 2024 Fonticons, Inc. --><span>se bloquean al hablar alem\u00e1n, aunque entiendan bastante<\/span><\/li>\n<li style=\"\"><!--! Font Awesome Free 6.7.1 by @fontawesome - https:\/\/fontawesome.com License - https:\/\/fontawesome.com\/license\/free (Icons: CC BY 4.0, Fonts: SIL OFL 1.1, Code: MIT License) Copyright 2024 Fonticons, Inc. --><span>sienten miedo, verg\u00fcenza o mucha presi\u00f3n al expresarse<\/span><\/li>\n<li style=\"\"><!--! Font Awesome Free 6.7.1 by @fontawesome - https:\/\/fontawesome.com License - https:\/\/fontawesome.com\/license\/free (Icons: CC BY 4.0, Fonts: SIL OFL 1.1, Code: MIT License) Copyright 2024 Fonticons, Inc. --><span>se cansaron de \u201cestudiar\u201d sin sentirse m\u00e1s seguras y sin hacer progreso<\/span><\/li>\n<li style=\"\"><!--! Font Awesome Free 6.7.1 by @fontawesome - https:\/\/fontawesome.com License - https:\/\/fontawesome.com\/license\/free (Icons: CC BY 4.0, Fonts: SIL OFL 1.1, Code: MIT License) Copyright 2024 Fonticons, Inc. --><span>quieren hablar alem\u00e1n y al mismo tiempo ser respetadas, que las dejen hablar con su acento, su ritmo y que ellas mismas terminen los enunciados.<\/span><\/li>\n<\/ul>\n<p style=\"text-align: left;\">No necesitas \u201chablar bien\u201d.<\/p>\n<p style=\"text-align: left;\">Solo necesitas ganas de participar y conectar con tus emociones.<\/p>\n<p><span><img decoding=\"async\" alt=\"\" data-id=\"3685\" width=\"80\" data-init-width=\"1890\" height=\"80\" data-init-height=\"1890\" title=\"sublogo_button_purple_rgb_transparent\" src=\"https:\/\/katrin-sihling.com\/wp-content\/uploads\/2024\/07\/sublogo_button_purple_rgb_transparent.png\" data-width=\"80\" data-height=\"80\" style=\"aspect-ratio: auto 1890 \/ 1890;\" loading=\"lazy\"><\/span><\/p>\n<h3 style=\"\">\u00a1Aqu\u00ed es donde<\/h3>\n<h3 style=\"\">&nbsp;florece tu voz!<\/h3>\n<p><span style=\"\"><img decoding=\"async\" alt=\"\" data-id=\"3669\" width=\"397\" data-init-width=\"1000\" height=\"397\" data-init-height=\"1000\" title=\"katrinsihling-ki-wohnzimmer-1000x1000\" src=\"https:\/\/katrin-sihling.com\/wp-content\/uploads\/2024\/06\/katrinsihling-ki-wohnzimmer-1000x1000-1.jpg\" data-width=\"397\" data-height=\"397\" style=\"aspect-ratio: auto 1000 \/ 1000;\" loading=\"lazy\" ml-t=\"0\" mt-t=\"0\"><\/span><\/p>\n<h2 style=\"\"><span data-token-index=\"0\" style=\"\">\u00bfQu\u00e9 es Encuentra tu voz?<\/span><\/h2>\n<p style=\"\">Un espacio grupal acompa\u00f1ado donde hablar el alem\u00e1n no te estresa, sino te divierte.<\/p>\n<p style=\"\">Aqu\u00ed combinamos:<\/p>\n<ul>\n<li style=\"\"><!--! Font Awesome Free 6.7.1 by @fontawesome - https:\/\/fontawesome.com License - https:\/\/fontawesome.com\/license\/free (Icons: CC BY 4.0, Fonts: SIL OFL 1.1, Code: MIT License) Copyright 2024 Fonticons, Inc. --><span style=\"\">conversaci\u00f3n en alem\u00e1n, con vocabulario pr\u00e1ctico para irradiar m\u00e1s seguridad<\/span><\/li>\n<li style=\"\"><!--! Font Awesome Free 6.7.1 by @fontawesome - https:\/\/fontawesome.com License - https:\/\/fontawesome.com\/license\/free (Icons: CC BY 4.0, Fonts: SIL OFL 1.1, Code: MIT License) Copyright 2024 Fonticons, Inc. --><span style=\"\"><span data-token-index=\"0\">acompa\u00f1amiento emocional<\/span>, para entender y navegar las emociones que te bloquean<\/span><\/li>\n<li style=\"\"><!--! Font Awesome Free 6.7.1 by @fontawesome - https:\/\/fontawesome.com License - https:\/\/fontawesome.com\/license\/free (Icons: CC BY 4.0, Fonts: SIL OFL 1.1, Code: MIT License) Copyright 2024 Fonticons, Inc. --><span style=\"\">orientaci\u00f3n intercultural, para comprender mejor el contexto y el lenguaje corporal alem\u00e1n<\/span><\/li>\n<\/ul>\n<p style=\"\">No es un curso de gram\u00e1tica.<\/p>\n<p style=\"\">No es terapia.<\/p>\n<p style=\"\"><strong><span>Es un<\/span><\/strong><span><strong>&nbsp;<\/strong><strong>espacio de orientaci\u00f3n, equilibrio emocional y pr\u00e1ctica segura<\/strong>.<\/span><\/p>\n<h2 style=\"\"><span data-token-index=\"0\" style=\"\">\u00bfC\u00f3mo trabajamos?<\/span><\/h2>\n<p style=\"\">Cada encuentro tiene una estructura clara y predecible:<\/p>\n<ul>\n<li><!--! Font Awesome Free 6.7.1 by @fontawesome - https:\/\/fontawesome.com License - https:\/\/fontawesome.com\/license\/free (Icons: CC BY 4.0, Fonts: SIL OFL 1.1, Code: MIT License) Copyright 2024 Fonticons, Inc. --><span style=\"\">espacio en espa\u00f1ol para llegar, sentir y entender qu\u00e9 pasa por dentro<\/span><\/li>\n<li><!--! Font Awesome Free 6.7.1 by @fontawesome - https:\/\/fontawesome.com License - https:\/\/fontawesome.com\/license\/free (Icons: CC BY 4.0, Fonts: SIL OFL 1.1, Code: MIT License) Copyright 2024 Fonticons, Inc. --><span style=\"\">pr\u00e1ctica de conversaci\u00f3n en alem\u00e1n en grupos peque\u00f1os (2\u20133 personas)<\/span><\/li>\n<li><!--! Font Awesome Free 6.7.1 by @fontawesome - https:\/\/fontawesome.com License - https:\/\/fontawesome.com\/license\/free (Icons: CC BY 4.0, Fonts: SIL OFL 1.1, Code: MIT License) Copyright 2024 Fonticons, Inc. --><span style=\"\">situaciones reales de la vida diaria \u2013 puedes proponer situaciones<\/span><\/li>\n<li><!--! Font Awesome Free 6.7.1 by @fontawesome - https:\/\/fontawesome.com License - https:\/\/fontawesome.com\/license\/free (Icons: CC BY 4.0, Fonts: SIL OFL 1.1, Code: MIT License) Copyright 2024 Fonticons, Inc. --><span style=\"\">sin correcciones constantes<\/span><\/li>\n<li><!--! Font Awesome Free 6.7.1 by @fontawesome - https:\/\/fontawesome.com License - https:\/\/fontawesome.com\/license\/free (Icons: CC BY 4.0, Fonts: SIL OFL 1.1, Code: MIT License) Copyright 2024 Fonticons, Inc. --><span style=\"\">con tiempo para integrar y reflexionar<\/span><\/li>\n<\/ul>\n<p style=\"\">Hablamos alem\u00e1n, pero no todo el tiempo, y nunca bajo presi\u00f3n.<\/p>\n<p><span><img decoding=\"async\" alt=\"\" data-id=\"4498\" width=\"400\" data-init-width=\"1000\" height=\"400\" data-init-height=\"1000\" title=\"katrinsihling-kaboompics-cup-of-coffee-1000x1000\" src=\"https:\/\/katrin-sihling.com\/wp-content\/uploads\/2024\/10\/katrinsihling-kaboompics-cup-of-coffee-1000x1000-1.jpg\" data-width=\"400\" data-height=\"400\" style=\"aspect-ratio: auto 1000 \/ 1000;\" loading=\"lazy\"><\/span><\/p>\n<h2 style=\"\"><span data-token-index=\"0\">datos pr\u00e1cticos<\/span><\/h2>\n<p style=\"\">Este es un <span data-token-index=\"1\" style=\"\">piloto<\/span>:<\/p>\n<p style=\"\">un espacio cuidado para probar, ajustar y sentir si es para ti.<\/p>\n<p><span style=\"\"><img decoding=\"async\" alt=\"\" data-id=\"3757\" width=\"411\" data-init-width=\"1135\" height=\"404\" data-init-height=\"1115\" title=\"herz_transparenter_hintergrund\" loading=\"lazy\" src=\"https:\/\/katrin-sihling.com\/wp-content\/uploads\/2024\/07\/herz_transparenter_hintergrund.png\" data-width=\"411\" data-height=\"404\" style=\"aspect-ratio: auto 1135 \/ 1115;\" ml-d=\"0\" mt-d=\"0\"><\/span><span><img decoding=\"async\" alt=\"\" data-id=\"6165\" width=\"80\" data-init-width=\"1890\" height=\"80\" data-init-height=\"1890\" title=\"katrinsihling_sublogo_holistic intercultural coach_rgb\" src=\"https:\/\/katrin-sihling.com\/wp-content\/uploads\/2026\/01\/katrinsihling_sublogo_holistic-intercultural-coach_rgb.png\" data-width=\"80\" data-height=\"80\" style=\"aspect-ratio: auto 1890 \/ 1890;\" loading=\"lazy\"><\/span><\/p>\n<h2 style=\"\"><span data-token-index=\"0\" style=\"\">\u00bfQu\u00e9 puedes esperar despu\u00e9s <\/span><\/h2>\n<h2 style=\"\"><span data-token-index=\"0\" style=\"\">de las 4 semanas?<\/span><\/h2>\n<p style=\"\">Lo que suele cambiar primero no es el idioma, sino la sensaci\u00f3n interna:<\/p>\n<p style=\"\">m\u00e1s calma, m\u00e1s orientaci\u00f3n, m\u00e1s equilibrio emocional.<\/p>\n<p style=\"\">Desde ah\u00ed, hablar se vuelve un poco m\u00e1s f\u00e1cil.<\/p>\n<p style=\"\">Despu\u00e9s del curso puedes esperar:<\/p>\n<ul>\n<li><span style=\"\"><strong><span style=\"--tcb-applied-color: var$(--tcb-color-2) !important; color: var(--tcb-color-2) !important;\">sentirte m\u00e1s tranquila<\/span><\/strong> al hablar alem\u00e1n<\/span><\/li>\n<li><span style=\"\"><strong><span style=\"--tcb-applied-color: var$(--tcb-color-2) !important; color: var(--tcb-color-2) !important;\">atreverte<\/span><\/strong> a decir algo, aunque no sea perfecto<\/span><\/li>\n<li><span style=\"\"><strong><span style=\"--tcb-applied-color: var$(--tcb-color-2) !important; color: var(--tcb-color-2) !important;\">entender mejor<\/span><\/strong> por qu\u00e9 ciertas situaciones te bloquean<\/span><\/li>\n<li><span style=\"\">tener frases y estrategias para <strong><span style=\"--tcb-applied-color: var$(--tcb-color-2) !important; color: var(--tcb-color-2) !important;\">ganar tiempo y seguridad<\/span><\/strong><\/span><\/li>\n<li><span style=\"\">sentirte <strong><span style=\"--tcb-applied-color: var$(--tcb-color-2) !important; color: var(--tcb-color-2) !important;\">menos sola<\/span><\/strong> en el proceso<\/span><\/li>\n<\/ul>\n<p>No prometo fluidez.<\/p>\n<p>S\u00ed prometo <strong><span style=\"--tcb-applied-color: var$(--tcb-color-2) !important; color: var(--tcb-color-2) !important;\">acompa\u00f1amiento, honestidad y un espacio seguro<\/span><\/strong><span style=\"--tcb-applied-color: var$(--tcb-color-2) !important; color: var(--tcb-color-2) !important;\">.<\/span><\/p>\n<p style=\"\">Si sientes que este espacio te llama, escr\u00edbeme para participar en el piloto de febrero.<\/p>\n<p style=\"\">Las plazas son limitadas para cuidar el ambiente del grupo.<\/p>\n<h2 style=\"\"><span data-token-index=\"0\"><span data-token-index=\"0\">FAQ \u2013 Preguntas frecuentes<\/span><\/span><\/h2>\n<p style=\"\">Tal vez te est\u00e9s haciendo algunas de estas preguntas.<\/p>\n","protected":false},"excerpt":{"rendered":"<p>Encuentra Tu Voz Acompa\u00f1amiento,&nbsp; conversaci\u00f3n y orientaci\u00f3n intercultural Un espacio seguro en espa\u00f1ol&nbsp;para poder&nbsp; expresarte en alem\u00e1n con confianza. \u00bfPara qui\u00e9n es&nbsp;este espacio? Para mujeres de habla hispana que viven en Alemania y que: se bloquean al hablar alem\u00e1n, aunque entiendan bastante sienten miedo, verg\u00fcenza o mucha presi\u00f3n al expresarse se cansaron de \u201cestudiar\u201d sin [&hellip;]<\/p>\n","protected":false},"author":5,"featured_media":0,"parent":0,"menu_order":8,"comment_status":"closed","ping_status":"closed","template":"","meta":{"_seopress_robots_primary_cat":"","_seopress_titles_title":"Encuentra Tu Voz - Acompa\u00f1amiento, orientaci\u00f3n intercultural y conversaci\u00f3n","_seopress_titles_desc":"Un espacio seguro en espa\u00f1ol para expresarte en alem\u00e1n con confianza | para mujeres hispanohablantes","_seopress_robots_index":"","footnotes":""},"class_list":["post-6130","page","type-page","status-publish","hentry","post-wrapper","thrv_wrapper"],"_links":{"self":[{"href":"https:\/\/katrin-sihling.com\/es\/wp-json\/wp\/v2\/pages\/6130","targetHints":{"allow":["GET"]}}],"collection":[{"href":"https:\/\/katrin-sihling.com\/es\/wp-json\/wp\/v2\/pages"}],"about":[{"href":"https:\/\/katrin-sihling.com\/es\/wp-json\/wp\/v2\/types\/page"}],"author":[{"embeddable":true,"href":"https:\/\/katrin-sihling.com\/es\/wp-json\/wp\/v2\/users\/5"}],"replies":[{"embeddable":true,"href":"https:\/\/katrin-sihling.com\/es\/wp-json\/wp\/v2\/comments?post=6130"}],"version-history":[{"count":72,"href":"https:\/\/katrin-sihling.com\/es\/wp-json\/wp\/v2\/pages\/6130\/revisions"}],"predecessor-version":[{"id":6216,"href":"https:\/\/katrin-sihling.com\/es\/wp-json\/wp\/v2\/pages\/6130\/revisions\/6216"}],"wp:attachment":[{"href":"https:\/\/katrin-sihling.com\/es\/wp-json\/wp\/v2\/media?parent=6130"}],"curies":[{"name":"wp","href":"https:\/\/api.w.org\/{rel}","templated":true}]}}